{"id":45,"date":"2019-07-27T11:49:38","date_gmt":"2019-07-27T11:49:38","guid":{"rendered":"https:\/\/one-step-further.org\/?page_id=45"},"modified":"2019-08-06T16:54:36","modified_gmt":"2019-08-06T16:54:36","slug":"ueber-uns","status":"publish","type":"page","link":"https:\/\/one-step-further.org\/en\/ueber-uns\/","title":{"rendered":"about us"},"content":{"rendered":"<section class=\"l-section wpb_row height_medium\"><div class=\"l-section-h i-cf\"><div class=\"g-cols vc_row type_default valign_top\"><div class=\"vc_col-sm-12 wpb_column vc_column_container\"><div class=\"vc_column-inner\"><div class=\"wpb_wrapper\">\r\n\t<div class=\"wpb_text_column\">\r\n\t\t<div class=\"wpb_wrapper\">\r\n\t\t\t<h1 style=\"text-align: left;\"><span style=\"color: #006400;\"><em><span style=\"font-size: 36pt;\">From human to human<\/span><\/em><\/span><\/h1>\n\r\n\t\t<\/div>\r\n\t<\/div>\r\n<\/div><\/div><\/div><\/div><\/div><\/section><section class=\"l-section wpb_row height_medium\"><div class=\"l-section-h i-cf\"><div class=\"g-cols vc_row type_default valign_top\"><div class=\"vc_col-sm-6 wpb_column vc_column_container\"><div class=\"vc_column-inner\"><div class=\"wpb_wrapper\">\r\n\t<div class=\"wpb_text_column\">\r\n\t\t<div class=\"wpb_wrapper\">\r\n\t\t\t<p>The work of our association is politically independent, non-religious and neutral, while being humanitarian and highly professional in every respect.\nWe are deliberately structured in such a way that we do not see ourselves as a purely technical mine clearance association, but as a component in the larger one\nWithin the framework of development cooperation and in cooperation with other organizations.<br \/>\nWir sind bewusst so aufgebaut, dass wir uns nicht als rein technischen Minenr\u00e4umverein verstehen, sondern als eine Komponente im gro\u00dfen<br \/>\nRahmen der Entwicklungszusammenarbeit und in Kooperation mit anderen Organisationen.<\/p>\n<p>We are also able to carry out training measures at various levels ourselves. Be it further training for scrapers according to IMAS\nor be it awareness training for the employees of other aid organizations (NGOs). We can also offer these training courses to refugees\nwho wish to return to their home countries. This training can be realized both nationally and internationally. Also the transport of\nDonations and relief supplies must be \u201csafe\u201d!<br \/>\noder sei es Awareness-Training f\u00fcr die Mitarbeiter von anderen Hilfsorganisationen (NGO&#8217;s). Diese Schulungen k\u00f6nnen wir auch Fl\u00fcchtlingen anbieten,<br \/>\ndie in Ihre Heimatl\u00e4nder zur\u00fcckkehren m\u00f6chten. Dieses Training kann sowohl national als auch international realisiert werden. Auch der Transport von<br \/>\nSpenden und Hilfsg\u00fctern muss &#8220;sicher&#8221; sein!<\/p>\n<p>Before starting the construction of any infrastructure, \"security\" must be ensured against dormant ordnance that is always ready for war.<\/p>\n\r\n\t\t<\/div>\r\n\t<\/div>\r\n<\/div><\/div><\/div><div class=\"vc_col-sm-6 wpb_column vc_column_container\"><div class=\"vc_column-inner\"><div class=\"wpb_wrapper\"><div class=\"w-image align_none\"><div class=\"w-image-h\"><img width=\"640\" height=\"480\" src=\"https:\/\/one-step-further.org\/wp-content\/uploads\/2019\/07\/Vereinsmitglieder-1024x768.jpg\" class=\"attachment-large size-large\" alt=\"\" loading=\"lazy\" srcset=\"https:\/\/one-step-further.org\/wp-content\/uploads\/2019\/07\/Vereinsmitglieder.jpg 1024w, https:\/\/one-step-further.org\/wp-content\/uploads\/2019\/07\/Vereinsmitglieder-300x225.jpg 300w, https:\/\/one-step-further.org\/wp-content\/uploads\/2019\/07\/Vereinsmitglieder-768x576.jpg 768w\" sizes=\"(max-width: 640px) 100vw, 640px\" \/><\/div><\/div><\/div><\/div><\/div><\/div><\/div><\/section>","protected":false},"excerpt":{"rendered":"Von Mensch zu Mensch Die Arbeit unseres Vereins ist politisch unabh\u00e4ngig, nichtreligi\u00f6s und neutral, dabei humanit\u00e4r und h\u00f6chst professionell in jeder Beziehung. Wir sind bewusst so aufgebaut, dass wir uns nicht als rein technischen Minenr\u00e4umverein verstehen, sondern als eine Komponente im gro\u00dfen Rahmen der Entwicklungszusammenarbeit und in Kooperation mit anderen Organisationen. Wir sind auch in...","protected":false},"author":1,"featured_media":0,"parent":0,"menu_order":0,"comment_status":"closed","ping_status":"closed","template":"","meta":[],"acf":[],"_links":{"self":[{"href":"https:\/\/one-step-further.org\/en\/wp-json\/wp\/v2\/pages\/45"}],"collection":[{"href":"https:\/\/one-step-further.org\/en\/wp-json\/wp\/v2\/pages"}],"about":[{"href":"https:\/\/one-step-further.org\/en\/wp-json\/wp\/v2\/types\/page"}],"author":[{"embeddable":true,"href":"https:\/\/one-step-further.org\/en\/wp-json\/wp\/v2\/users\/1"}],"replies":[{"embeddable":true,"href":"https:\/\/one-step-further.org\/en\/wp-json\/wp\/v2\/comments?post=45"}],"version-history":[{"count":5,"href":"https:\/\/one-step-further.org\/en\/wp-json\/wp\/v2\/pages\/45\/revisions"}],"predecessor-version":[{"id":218,"href":"https:\/\/one-step-further.org\/en\/wp-json\/wp\/v2\/pages\/45\/revisions\/218"}],"wp:attachment":[{"href":"https:\/\/one-step-further.org\/en\/wp-json\/wp\/v2\/media?parent=45"}],"curies":[{"name":"wp","href":"https:\/\/api.w.org\/{rel}","templated":true}]}}