{"id":31,"date":"2019-07-27T11:47:48","date_gmt":"2019-07-27T11:47:48","guid":{"rendered":"https:\/\/one-step-further.org\/?page_id=31"},"modified":"2019-08-02T19:38:37","modified_gmt":"2019-08-02T19:38:37","slug":"impressum","status":"publish","type":"page","link":"https:\/\/one-step-further.org\/en\/impressum\/","title":{"rendered":"Imprint"},"content":{"rendered":"<section class=\"l-section wpb_row height_medium\"><div class=\"l-section-h i-cf\"><div class=\"g-cols vc_row type_default valign_top\"><div class=\"vc_col-sm-12 wpb_column vc_column_container\"><div class=\"vc_column-inner\"><div class=\"wpb_wrapper\">\r\n\t<div class=\"wpb_text_column\">\r\n\t\t<div class=\"wpb_wrapper\">\r\n\t\t\t<h1 style=\"text-align: left;\"><span style=\"color: #006400; font-size: 36pt;\"><em>Imprint<\/em><\/span><\/h1>\n\r\n\t\t<\/div>\r\n\t<\/div>\r\n<\/div><\/div><\/div><\/div><\/div><\/section><section class=\"l-section wpb_row height_medium\"><div class=\"l-section-h i-cf\"><div class=\"g-cols vc_row type_default valign_top\"><div class=\"vc_col-sm-12 wpb_column vc_column_container\"><div class=\"vc_column-inner\"><div class=\"wpb_wrapper\">\r\n\t<div class=\"wpb_text_column\">\r\n\t\t<div class=\"wpb_wrapper\">\r\n\t\t\t<div class=\"impressum\">\n<p>Angaben gem\u00e4\u00df \u00a7 5 TMG<\/p>\n<p>OneStepFurther &#8211; EOD for Peace e.V.<br \/>\nHanspeter Hollack<br \/>\nPfarrer-Grzondziel-Stra\u00dfe 6<br \/>\n85465 Langenpreising<\/p>\n<p><strong>Vertreten durch: <\/strong><br \/>\nHanspeter Hollack<\/p>\n<p><strong>Verantwortlich f\u00fcr den Inhalt nach \u00a7 55 Abs. 2 RStV:<\/strong><br \/>\nHanspeter Hollack<br \/>\nPfarrer-Grzondziel-Stra\u00dfe 6<br \/>\n85465 Langenpreising<\/p>\n<p><strong>Haftungsausschluss: <\/strong><\/p>\n<p><strong>Haftung f\u00fcr Inhalte<\/strong><\/p>\n<p>Die Inhalte unserer Seiten wurden mit gr\u00f6\u00dfter Sorgfalt erstellt. F\u00fcr die Richtigkeit, Vollst\u00e4ndigkeit und Aktualit\u00e4t der Inhalte k\u00f6nnen wir jedoch keine Gew\u00e4hr \u00fcbernehmen. Als Diensteanbieter sind wir gem\u00e4\u00df \u00a7 7 Abs.1 TMG f\u00fcr eigene Inhalte auf diesen Seiten nach den allgemeinen Gesetzen verantwortlich. Nach \u00a7\u00a7 8 bis 10 TMG sind wir als Diensteanbieter jedoch nicht verpflichtet, \u00fcbermittelte oder gespeicherte fremde Informationen zu \u00fcberwachen oder nach Umst\u00e4nden zu forschen, die auf eine rechtswidrige T\u00e4tigkeit hinweisen. Verpflichtungen zur Entfernung oder Sperrung der Nutzung von Informationen nach den allgemeinen Gesetzen bleiben hiervon unber\u00fchrt. Eine diesbez\u00fcgliche Haftung ist jedoch erst ab dem Zeitpunkt der Kenntnis einer konkreten Rechtsverletzung m\u00f6glich. Bei Bekanntwerden von entsprechenden Rechtsverletzungen werden wir diese Inhalte umgehend entfernen.<\/p>\n<p><strong>Haftung f\u00fcr Links<\/strong><\/p>\n<p>Unser Angebot enth\u00e4lt Links zu externen Webseiten Dritter, auf deren Inhalte wir keinen Einfluss haben. Deshalb k\u00f6nnen wir f\u00fcr diese fremden Inhalte auch keine Gew\u00e4hr \u00fcbernehmen. F\u00fcr die Inhalte der verlinkten Seiten ist stets der jeweilige Anbieter oder Betreiber der Seiten verantwortlich. Die verlinkten Seiten wurden zum Zeitpunkt der Verlinkung auf m\u00f6gliche Rechtsverst\u00f6\u00dfe \u00fcberpr\u00fcft. Rechtswidrige Inhalte waren zum Zeitpunkt der Verlinkung nicht erkennbar. Eine permanente inhaltliche Kontrolle der verlinkten Seiten ist jedoch ohne konkrete Anhaltspunkte einer Rechtsverletzung nicht zumutbar. Bei Bekanntwerden von Rechtsverletzungen werden wir derartige Links umgehend entfernen.<\/p>\n<p><strong>Webdesign und Programmierung<\/strong><\/p>\n<p><a href=\"https:\/\/www.wiesenberg-design.de\" target=\"_blank\" rel=\"noopener noreferrer\"><img loading=\"lazy\" class=\"wp-image-209\" src=\"https:\/\/one-step-further.org\/wp-content\/uploads\/2019\/08\/Logo-Wiesenberg-Design-300x123.png\" alt=\"Wiesenberg-Design\" width=\"195\" height=\"80\" srcset=\"https:\/\/one-step-further.org\/wp-content\/uploads\/2019\/08\/Logo-Wiesenberg-Design-300x123.png 300w, https:\/\/one-step-further.org\/wp-content\/uploads\/2019\/08\/Logo-Wiesenberg-Design-1024x419.png 1024w, https:\/\/one-step-further.org\/wp-content\/uploads\/2019\/08\/Logo-Wiesenberg-Design-768x314.png 768w, https:\/\/one-step-further.org\/wp-content\/uploads\/2019\/08\/Logo-Wiesenberg-Design.png 1300w\" sizes=\"(max-width: 195px) 100vw, 195px\" \/><\/a><\/p>\n<\/div>\n\r\n\t\t<\/div>\r\n\t<\/div>\r\n<\/div><\/div><\/div><\/div><\/div><\/section><section class=\"l-section wpb_row height_medium\"><div class=\"l-section-h i-cf\"><div class=\"g-cols vc_row type_default valign_top\"><div class=\"vc_col-sm-12 wpb_column vc_column_container\"><div class=\"vc_column-inner\"><div class=\"wpb_wrapper\"><\/div><\/div><\/div><\/div><\/div><\/section>","protected":false},"excerpt":{"rendered":"Impressum Angaben gem\u00e4\u00df \u00a7 5 TMG OneStepFurther - EOD for Peace e.V. Hanspeter Hollack Pfarrer-Grzondziel-Stra\u00dfe 6 85465 Langenpreising Vertreten durch: Hanspeter Hollack Verantwortlich f\u00fcr den Inhalt nach \u00a7 55 Abs. 2 RStV: Hanspeter Hollack Pfarrer-Grzondziel-Stra\u00dfe 6 85465 Langenpreising Haftungsausschluss: Haftung f\u00fcr Inhalte Die Inhalte unserer Seiten wurden mit gr\u00f6\u00dfter Sorgfalt erstellt. F\u00fcr die Richtigkeit, Vollst\u00e4ndigkeit...","protected":false},"author":1,"featured_media":0,"parent":0,"menu_order":0,"comment_status":"closed","ping_status":"closed","template":"","meta":[],"acf":[],"_links":{"self":[{"href":"https:\/\/one-step-further.org\/en\/wp-json\/wp\/v2\/pages\/31"}],"collection":[{"href":"https:\/\/one-step-further.org\/en\/wp-json\/wp\/v2\/pages"}],"about":[{"href":"https:\/\/one-step-further.org\/en\/wp-json\/wp\/v2\/types\/page"}],"author":[{"embeddable":true,"href":"https:\/\/one-step-further.org\/en\/wp-json\/wp\/v2\/users\/1"}],"replies":[{"embeddable":true,"href":"https:\/\/one-step-further.org\/en\/wp-json\/wp\/v2\/comments?post=31"}],"version-history":[{"count":6,"href":"https:\/\/one-step-further.org\/en\/wp-json\/wp\/v2\/pages\/31\/revisions"}],"predecessor-version":[{"id":211,"href":"https:\/\/one-step-further.org\/en\/wp-json\/wp\/v2\/pages\/31\/revisions\/211"}],"wp:attachment":[{"href":"https:\/\/one-step-further.org\/en\/wp-json\/wp\/v2\/media?parent=31"}],"curies":[{"name":"wp","href":"https:\/\/api.w.org\/{rel}","templated":true}]}}