{"id":29,"date":"2019-07-27T11:47:24","date_gmt":"2019-07-27T11:47:24","guid":{"rendered":"https:\/\/one-step-further.org\/?page_id=29"},"modified":"2022-05-24T08:31:33","modified_gmt":"2022-05-24T08:31:33","slug":"die-herausforderung","status":"publish","type":"page","link":"https:\/\/one-step-further.org\/en\/die-herausforderung\/","title":{"rendered":"the challenge"},"content":{"rendered":"<section class=\"l-section wpb_row height_medium\"><div class=\"l-section-h i-cf\"><div class=\"g-cols vc_row type_default valign_top\"><div class=\"vc_col-sm-12 wpb_column vc_column_container\"><div class=\"vc_column-inner\"><div class=\"wpb_wrapper\">\r\n\t<div class=\"wpb_text_column\">\r\n\t\t<div class=\"wpb_wrapper\">\r\n\t\t\t<p class=\" translation-block\"><span style=\"font-size: 36pt;color: #008000\">We help<br>\n<\/span><span style=\"font-size: 36pt;color: #008000\">where people urgently need help!<\/span><\/p>\n\r\n\t\t<\/div>\r\n\t<\/div>\r\n<\/div><\/div><\/div><\/div><\/div><\/section><section class=\"l-section wpb_row height_medium\"><div class=\"l-section-h i-cf\"><div class=\"g-cols vc_row type_default valign_top\"><div class=\"vc_col-sm-4 wpb_column vc_column_container\"><div class=\"vc_column-inner\"><div class=\"wpb_wrapper\"><div class=\"w-image align_center\"><div class=\"w-image-h\"><img width=\"300\" height=\"200\" src=\"https:\/\/one-step-further.org\/wp-content\/uploads\/2019\/07\/Kind_Fahrrad.jpg\" class=\"attachment-large size-large\" alt=\"\" loading=\"lazy\" \/><\/div><\/div><\/div><\/div><\/div><div class=\"vc_col-sm-4 wpb_column vc_column_container\"><div class=\"vc_column-inner\"><div class=\"wpb_wrapper\"><div class=\"w-image align_center\"><div class=\"w-image-h\"><img width=\"270\" height=\"203\" src=\"https:\/\/one-step-further.org\/wp-content\/uploads\/2019\/07\/Erntearbeit.jpg\" class=\"attachment-large size-large\" alt=\"\" loading=\"lazy\" \/><\/div><\/div><\/div><\/div><\/div><div class=\"vc_col-sm-4 wpb_column vc_column_container\"><div class=\"vc_column-inner\"><div class=\"wpb_wrapper\"><div class=\"w-image align_center\"><div class=\"w-image-h\"><img width=\"300\" height=\"200\" src=\"https:\/\/one-step-further.org\/wp-content\/uploads\/2019\/07\/Frau-mit-Kind.jpg\" class=\"attachment-large size-large\" alt=\"\" loading=\"lazy\" \/><\/div><\/div><\/div><\/div><\/div><\/div><\/div><\/section><section class=\"l-section wpb_row height_medium\"><div class=\"l-section-h i-cf\"><div class=\"g-cols vc_row type_default valign_top\"><div class=\"vc_col-sm-12 wpb_column vc_column_container\"><div class=\"vc_column-inner\"><div class=\"wpb_wrapper\">\r\n\t<div class=\"wpb_text_column\">\r\n\t\t<div class=\"wpb_wrapper\">\r\n\t\t\t<p class=\" translation-block\">Every day, ten people in the world are killed or brutally maimed by landmines, cluster bombs and other weapons.\nParticularly after conflict, mines and ammunition create a climate of fear which prevents investment and, as a result, new conflicts which emerge from the lack of economic prospects. This happens in those very countries which could actually prosper due to their resources<\/p>\n<p class=\" translation-block\">It is the intent of our assaciation, One-Step-Further EOD of Peace e. V., to start to create a basis here which allows the two specialist fields of develpment assistance and clearing of war remnants to be offered by one organization.\nWe wish to contribute to people being able to live safely again in war and post-war regions.\nBeing from safe from ammunition removes fear and creates prosperity and prosperity guarantees a functioning civil society and lasting peace.<\/p>\n\r\n\t\t<\/div>\r\n\t<\/div>\r\n<\/div><\/div><\/div><\/div><\/div><\/section>","protected":false},"excerpt":{"rendered":"Wir helfen da, wo Menschen dringend Hilfe ben\u00f6tigen! Jeden Tag werden zehn Menschen auf der Welt durch Landminen, Streubomben und andere Kampfmittel get\u00f6tet oder grausam verst\u00fcmmelt. Vor allem nach dem Konflikt schaffen Minen und Munition ein Klima der Angst, das Investitionen verhindert und damit neue Konflikte schafft, die aus der wirtschaftlichen Perspektivlosigkeit entstehen. Gerade auch...","protected":false},"author":1,"featured_media":0,"parent":0,"menu_order":0,"comment_status":"closed","ping_status":"closed","template":"","meta":[],"acf":[],"_links":{"self":[{"href":"https:\/\/one-step-further.org\/en\/wp-json\/wp\/v2\/pages\/29"}],"collection":[{"href":"https:\/\/one-step-further.org\/en\/wp-json\/wp\/v2\/pages"}],"about":[{"href":"https:\/\/one-step-further.org\/en\/wp-json\/wp\/v2\/types\/page"}],"author":[{"embeddable":true,"href":"https:\/\/one-step-further.org\/en\/wp-json\/wp\/v2\/users\/1"}],"replies":[{"embeddable":true,"href":"https:\/\/one-step-further.org\/en\/wp-json\/wp\/v2\/comments?post=29"}],"version-history":[{"count":7,"href":"https:\/\/one-step-further.org\/en\/wp-json\/wp\/v2\/pages\/29\/revisions"}],"predecessor-version":[{"id":360,"href":"https:\/\/one-step-further.org\/en\/wp-json\/wp\/v2\/pages\/29\/revisions\/360"}],"wp:attachment":[{"href":"https:\/\/one-step-further.org\/en\/wp-json\/wp\/v2\/media?parent=29"}],"curies":[{"name":"wp","href":"https:\/\/api.w.org\/{rel}","templated":true}]}}