{"id":25,"date":"2019-07-27T11:46:48","date_gmt":"2019-07-27T11:46:48","guid":{"rendered":"https:\/\/one-step-further.org\/?page_id=25"},"modified":"2019-10-20T18:04:57","modified_gmt":"2019-10-20T18:04:57","slug":"aktiv-werden","status":"publish","type":"page","link":"https:\/\/one-step-further.org\/en\/aktiv-werden\/","title":{"rendered":"to become activ"},"content":{"rendered":"<section class=\"l-section wpb_row height_medium\"><div class=\"l-section-h i-cf\"><div class=\"g-cols vc_row type_default valign_top\"><div class=\"vc_col-sm-12 wpb_column vc_column_container\"><div class=\"vc_column-inner\"><div class=\"wpb_wrapper\">\r\n\t<div class=\"wpb_text_column\">\r\n\t\t<div class=\"wpb_wrapper\">\r\n\t\t\t<h1 style=\"text-align: left;\"><span style=\"font-size: 36pt; color: #006400;\"><em>You want to support our work?<\/em><\/span><\/h1>\n\r\n\t\t<\/div>\r\n\t<\/div>\r\n<\/div><\/div><\/div><\/div><\/div><\/section><section class=\"l-section wpb_row height_medium\"><div class=\"l-section-h i-cf\"><div class=\"g-cols vc_row type_default valign_top\"><div class=\"vc_col-sm-12 wpb_column vc_column_container\"><div class=\"vc_column-inner\"><div class=\"wpb_wrapper\">\r\n\t<div class=\"wpb_text_column\">\r\n\t\t<div class=\"wpb_wrapper\">\r\n\t\t\t<p class=\" translation-block\">One Step Further - EOD for Peace e.V. helps people in crisis and post-war regions and\nprovides fast and sustainable support work, regardless of origin, religion, ideology or region.<\/p>\n<p>You can support our projects here:<\/p>\n<p>ONE STEP FURTHER &#8211; EOD for Peace e.V.<br \/>\nRaiffeisenbank Erding<br \/>\nKonto Nr.: 0001006533<br \/>\nIBAN: IBAN DE18701693560001006533<br \/>\nBIC: GENODEF1EDR<br \/>\nThe Erding tax office has recognized One Step Further as a non-profit organization to promote development cooperation.<br \/>\ntax ID 114\/110\/10416<\/p>\n<p>Do you want to be part of the project yourself?\u00a0<a href=\"https:\/\/one-step-further.org\/wp-content\/uploads\/2019\/10\/Aufnahmeantrag-f\u00fcr-Vereinsmitglieder.pdf\" target=\"_blank\" rel=\"noopener noreferrer\"><b>membership application<\/b>\u00a0<\/a><\/p>\n<p>For our work in our worldwide projects, we not only need financial help, but in equal measure\nalso your non-material and practical support with your expertise, your experiences and your ideas.<br \/>\nauch Ihre ideelle und praktische Unterst\u00fctzung mit Ihrer Expertise, Ihren Erfahrungen und Ihren Ideen.<\/p>\n<p>We look forward to you!<\/p>\n\r\n\t\t<\/div>\r\n\t<\/div>\r\n<\/div><\/div><\/div><\/div><\/div><\/section>","protected":false},"excerpt":{"rendered":"Sie wollen unsere Arbeit unterst\u00fctzen? One Step Further - EOD for Peace e.V.\u00a0hilft Menschen in Krisen- und Nachkriegsregionen und leistet schnelle und nachhaltige Unterst\u00fctzungsarbeit, unabh\u00e4ngig von Herkunft, Religion, Weltanschauung oder Region. Hier k\u00f6nnen Sie unsere Projekte unterst\u00fctzen: ONE STEP FURTHER - EOD for Peace e.V. Raiffeisenbank Erding Konto Nr.: 0001006533 IBAN: IBAN DE18701693560001006533 BIC: GENODEF1EDR...","protected":false},"author":1,"featured_media":0,"parent":0,"menu_order":0,"comment_status":"closed","ping_status":"closed","template":"","meta":[],"acf":[],"_links":{"self":[{"href":"https:\/\/one-step-further.org\/en\/wp-json\/wp\/v2\/pages\/25"}],"collection":[{"href":"https:\/\/one-step-further.org\/en\/wp-json\/wp\/v2\/pages"}],"about":[{"href":"https:\/\/one-step-further.org\/en\/wp-json\/wp\/v2\/types\/page"}],"author":[{"embeddable":true,"href":"https:\/\/one-step-further.org\/en\/wp-json\/wp\/v2\/users\/1"}],"replies":[{"embeddable":true,"href":"https:\/\/one-step-further.org\/en\/wp-json\/wp\/v2\/comments?post=25"}],"version-history":[{"count":6,"href":"https:\/\/one-step-further.org\/en\/wp-json\/wp\/v2\/pages\/25\/revisions"}],"predecessor-version":[{"id":296,"href":"https:\/\/one-step-further.org\/en\/wp-json\/wp\/v2\/pages\/25\/revisions\/296"}],"wp:attachment":[{"href":"https:\/\/one-step-further.org\/en\/wp-json\/wp\/v2\/media?parent=25"}],"curies":[{"name":"wp","href":"https:\/\/api.w.org\/{rel}","templated":true}]}}